{"id":3,"date":"2020-03-30T11:42:28","date_gmt":"2020-03-30T11:42:28","guid":{"rendered":"http:\/\/www.jimenezaires.com\/?page_id=3"},"modified":"2023-07-17T11:20:36","modified_gmt":"2023-07-17T11:20:36","slug":"politica-privacidad","status":"publish","type":"page","link":"https:\/\/www.jimenezaires.com\/?page_id=3","title":{"rendered":"Pol\u00edtica de privacidad"},"content":{"rendered":"<p><span style=\"font-size: x-large;\"><b>AVISO LEGAL<\/b><\/span><\/p>\n<p>El presente sitio web (www.jimenezaires.com) es propiedad de JIM\u00c9NEZ AIRES S.A.. De conformidad con el Art.10 de la Ley 34\/2002, de Servicios de la Sociedad de la Informaci\u00f3n, los datos identificativos del titular de la p\u00e1gina son:<\/p>\n<p>JIM\u00c9NEZ AIRES S.A. con CIF ES-A45202934, inscrita en el Registro Mercantil de Toledo tomo 346, folio 192, Hoja: TO-2491.<\/p>\n<p>Calle Torres Quevedo, parcela 283, Pol\u00edgono Industrial Torrehierro de Talavera de la Reina, 45600, Toledo, Espa\u00f1a, con telefono 902 886 494 y correo electronico jaires@jimenezaires.com.<\/p>\n<p>El acceso a este sitio web supone la aceptaci\u00f3n expresa del Usuario a las presentes Condiciones Generales y Particulares de Uso, que podr\u00e1n ser modificadas o sustituidas por su titular en cualquier momento y sin previo aviso.<\/p>\n<p><span style=\"font-size: x-large;\"><b>1.- Condiciones Generales de Uso.<\/b><\/span><\/p>\n<p>Las siguientes Condiciones Generales regulan el uso y acceso al portal web www.jimenezaires.com, cuya finalidad es informar de manera p\u00fablica y gratuita de los productos\/servicios de JIM\u00c9NEZ AIRES S.A., ofreciendo a los Usuarios informaci\u00f3n, servicios y contenidos v\u00eda web.<\/p>\n<p>JIM\u00c9NEZ AIRES S.A. adoptar\u00e1 todas las medidas a su alcance para impedir cualquier tipo de conducta contraria a las Leyes Espa\u00f1olas y de la Comunitarias y cooperar\u00e1 con las Autoridades competentes en la identificaci\u00f3n de los sujetos responsables de las acciones que puedan suponer violaciones de las leyes o condiciones aplicables al presente sitio web.<\/p>\n<p><span style=\"font-size: x-large;\"><b>2.- Condiciones Particulares para la contrataci\u00f3n de determinados servicios.<\/b><\/span><\/p>\n<p>La informaci\u00f3n sobre los productos\/servicios de JIM\u00c9NEZ AIRES S.A., facilitada en esta web, tiene un car\u00e1cter orientativo y aproximado, no suponiendo una oferta vinculante para JIM\u00c9NEZ AIRES S.A.<\/p>\n<p>JIM\u00c9NEZ AIRES S.A., no responde de ninguna forma de la efectividad o exactitud de la citada informaci\u00f3n, quedando exenta de cualquier responsabilidad contractual o extracontractual con el Usuario que haga uso de ella.<\/p>\n<p><span style=\"font-size: x-large;\"><b>3.- Propiedad Intelectual e Industrial.<\/b><\/span><\/p>\n<p>Los contenidos, documentaci\u00f3n, im\u00e1genes, gr\u00e1ficos, marcas, logos y dise\u00f1o que forman esta web son propiedad de JIM\u00c9NEZ AIRES S.A. o de sus respectivos propietarios, y se encuentran debidamente protegidos de conformidad con la normativa espa\u00f1ola e internacional sobre Propiedad Intelectual e Industrial.<\/p>\n<p>Salvo autorizaci\u00f3n previa, expresa y por escrito se proh\u00edbe cualquier transmisi\u00f3n, cesi\u00f3n, venta, alquiler, y o comunicaci\u00f3n p\u00fablica de esta web o de su contenido.<\/p>\n<p>Las personas o empresas que remitan cualquier tipo de informaci\u00f3n o contenido a JIM\u00c9NEZ AIRES S.A., se comprometen a que la misma sea veraz y no vulnere o infrinja cualquier derecho de tercero ni sea contraria a la ley y el orden p\u00fablico.<\/p>\n<p>Si Vd. cree que cualquier contenido y\/o informaci\u00f3n de esta web vulnera un derecho leg\u00edtimo o la normativa vigente, no dude en contactar con nosotros a trav\u00e9s de tel\u00e9fono, correo postal o correo electr\u00f3nico.<\/p>\n<p>JIM\u00c9NEZ AIRES S.A., se reserva el derecho de modificar el contenido e informaciones disponibles en el presente sitio web, en cualquier momento y sin previo aviso.<\/p>\n<p><span style=\"font-size: x-large;\"><b>4.- Enlaces.<\/b><\/span><\/p>\n<p>Para realizar enlaces con la p\u00e1gina www.jimenezaires.com ser\u00e1 necesaria la autorizaci\u00f3n expresa y por escrito de los titulares de la web.<\/p>\n<p><span style=\"font-size: x-large;\"><b>5.- Protecci\u00f3n de Datos. Pol\u00edtica de Privacidad.<\/b><\/span><\/p>\n<p>JIMENEZ AIRES S.A, te informa sobre su Pol\u00edtica de Privacidad respecto del tratamiento y protecci\u00f3n de los datos de car\u00e1cter personal de los usuarios y clientes que puedan ser recabados por la navegaci\u00f3n o contrataci\u00f3n de servicios a trav\u00e9s del sitio Web www.jimenezaires.com.<\/p>\n<p>En este sentido, el Titular garantiza el cumplimiento de la normativa vigente en materia de protecci\u00f3n de datos personales, reflejada en la Ley Org\u00e1nica 3\/2018, de 5 de diciembre, de Protecci\u00f3n de Datos Personales y de Garant\u00eda de Derechos Digitales (LOPD GDD). Cumple tambi\u00e9n con el Reglamento (UE) 2016\/679 del Parlamento Europeo y del Consejo de 27 de abril de 2016 relativo a la protecci\u00f3n de las personas f\u00edsicas (RGPD).<\/p>\n<p>El uso de sitio Web implica la aceptaci\u00f3n de esta Pol\u00edtica de Privacidad as\u00ed como las condiciones incluidas en el Aviso Legal.<\/p>\n<p><span style=\"font-size: large;\"><b>Principios aplicados en el tratamiento de datos<\/b><\/span><\/p>\n<p>En el tratamiento de tus datos personales, el Titular aplicar\u00e1 los siguientes principios que se ajustan a las exigencias del nuevo reglamento europeo de protecci\u00f3n de datos:<\/p>\n<p>Principio de licitud, lealtad y transparencia: El Titular siempre requerir\u00e1 el consentimiento para el tratamiento de tus datos personales que puede ser para uno o varios fines espec\u00edficos sobre los que te informar\u00e1 previamente con absoluta transparencia.<\/p>\n<p>Principio de minimizaci\u00f3n de datos: El Titular te solicitar\u00e1 solo los datos estrictamente necesarios para el fin o los fines que los solicita.<\/p>\n<p>Principio de limitaci\u00f3n del plazo de conservaci\u00f3n: Los datos se mantendr\u00e1n durante el tiempo estrictamente necesario para el fin o los fines del tratamiento.<\/p>\n<p>El Titular te informar\u00e1 del plazo de conservaci\u00f3n correspondiente seg\u00fan la finalidad. En el caso de suscripciones, el Titular revisar\u00e1 peri\u00f3dicamente las listas y eliminar\u00e1 aquellos registros inactivos durante un tiempo considerable.<\/p>\n<p>Principio de integridad y confidencialidad: Tus datos ser\u00e1n tratados de tal manera que su seguridad, confidencialidad e integridad est\u00e9 garantizada. Debes saber que el Titular toma las precauciones necesarias para evitar el acceso no autorizado o uso indebido de los datos de sus usuarios por parte de terceros.<\/p>\n<p><span style=\"font-size: large;\"><b>Obtenci\u00f3n de datos personales<\/b><\/span><\/p>\n<p>Para navegar por www.jimenezaires.com no es necesario que facilites ning\u00fan dato personal. Los casos en los que s\u00ed proporcionas tus datos personales son los siguientes:<\/p>\n<p>&#8211; Al contactar a trav\u00e9s de los formularios de contacto o enviar un correo electr\u00f3nico.<\/p>\n<p>&#8211; Al realizar un comentario en un art\u00edculo o p\u00e1gina.<\/p>\n<p>El Titular te informa que sobre tus datos personales tienes derecho a:<\/p>\n<p>&#8211; Solicitar el acceso a los datos almacenados.<\/p>\n<p>&#8211; Solicitar una rectificaci\u00f3n o la cancelaci\u00f3n.<\/p>\n<p>&#8211; Solicitar la limitaci\u00f3n de su tratamiento.<\/p>\n<p>&#8211; Oponerte al tratamiento.<\/p>\n<p>&#8211; Solicitar la portabilidad de tus datos.<\/p>\n<p>El ejercicio de estos derechos es personal y por tanto debe ser ejercido directamente por el interesado, solicit\u00e1ndolo directamente al Titular, lo que significa que cualquier cliente, suscriptor o colaborador que haya facilitado sus datos en alg\u00fan momento puede dirigirse al Titular y pedir informaci\u00f3n sobre los datos que tiene almacenados y c\u00f3mo los ha obtenido, solicitar la rectificaci\u00f3n de los mismos, solicitar la portabilidad de sus datos personales, oponerse al tratamiento, limitar su uso o solicitar la cancelaci\u00f3n de esos datos en los ficheros del Titular.<\/p>\n<p>Para ejercitar tus derechos de acceso, rectificaci\u00f3n, cancelaci\u00f3n, portabilidad y oposici\u00f3n tienes que enviar un correo electr\u00f3nico a jaires@jimenezaires.com o correo postal junto con la prueba v\u00e1lida en derecho como una fotocopia del D.N.I. o equivalente.<\/p>\n<p>Tienes derecho a la tutela judicial efectiva y a presentar una reclamaci\u00f3n ante la autoridad de control, en este caso, la Agencia Espa\u00f1ola de Protecci\u00f3n de Datos, si consideras que el tratamiento de datos personales que te conciernen infringe el Reglamento.<\/p>\n<p><span style=\"font-size: large;\"><b>Finalidad del tratamiento de datos personales<\/b><\/span><\/p>\n<p>Cuando te conectas al sitio Web para mandar un correo al Titulaa trav\u00e9s de su formalario de contacto, est\u00e1s facilitando informaci\u00f3n de car\u00e1cter personal de la que el responsable es el Titular. Esta informaci\u00f3n puede incluir datos de car\u00e1cter personal como pueden ser tu direcci\u00f3n IP, nombre y apellidos, direcci\u00f3n f\u00edsica, direcci\u00f3n de correo electr\u00f3nico, n\u00famero de tel\u00e9fono, y otra informaci\u00f3n. Al facilitar esta informaci\u00f3n, das tu consentimiento para que tu informaci\u00f3n sea recopilada, utilizada, gestionada y almacenada, s\u00f3lo como se describe en el Aviso Legal y en la presente Pol\u00edtica de Privacidad.<\/p>\n<p>Los datos personales y la finalidad del tratamiento por parte del Titular es diferente seg\u00fan el sistema de captura de informaci\u00f3n:<\/p>\n<p>Formularios de contacto: El Titular solicita datos personales entre los que pueden estar: Nombre y apellidos, direcci\u00f3n de correo electr\u00f3nico, n\u00famero de tel\u00e9fono y direcci\u00f3n de tu sitio Web con la finalidad de responder a tus consultas.<\/p>\n<p>Por ejemplo, el Titular utiliza esos datos para dar respuesta a tus mensajes, dudas, quejas, comentarios o inquietudes que puedas tener relativas a la informaci\u00f3n incluida en el sitio Web, los servicios que se prestan a trav\u00e9s del sitio Web, el tratamiento de tus datos personales, cuestiones referentes a los textos legales incluidos en el sitio Web, as\u00ed como cualquier otra consulta que puedas tener y que no est\u00e9 sujeta a las condiciones del sitio Web.<\/p>\n<p>Para garantizar el cumplimiento de las condiciones recogidas en el Aviso Legal y en la ley aplicable. Esto puede incluir el desarrollo de herramientas y algoritmos que ayuden a este sitio Web a garantizar la confidencialidad de los datos personales que recoge.<\/p>\n<ul>\n<li>Para apoyar y mejorar los servicios que ofrece este sitio Web.<\/li>\n<li>Para analizar la navegaci\u00f3n. El Titular puede recoge otros datos no identificativos que se obtienen mediante el uso de cookies que se descargan en tu ordenador cuando navegas por el sitio Web cuyas caracter\u00edsiticas y finalidad est\u00e1r\u00e1n detalladas en la Pol\u00edtica de Cookies .<\/li>\n<\/ul>\n<p>El Titular tratar\u00e1 tus datos personales con la finalidad de administrar correctamente su presencia en la red social, informarte de sus actividades, productos o servicios, as\u00ed como para cualquier otra finalidad que las normativas de las redes sociales permitan.<\/p>\n<p>En ning\u00fan caso el Titular utilizar\u00e1 los perfiles de seguidores en redes sociales para enviar publicidad de manera individual.<\/p>\n<p><span style=\"font-size: large;\"><b>Seguridad de los datos personales<\/b><\/span><\/p>\n<p>Para proteger tus datos personales, el Titular toma todas las precauciones razonables y sigue las mejores pr\u00e1cticas de la industria para evitar su p\u00e9rdida, mal uso, acceso indebido, divulgaci\u00f3n, alteraci\u00f3n o destrucci\u00f3n de los mismos.<\/p>\n<p>El sitio Web est\u00e1 alojado en PROVEEDOR DE ALOJAMIENTO WEB. La seguridad de tus datos est\u00e1 garantizada, ya que toman todas las medidas de seguridad necesarias para ello. Puedes consultar su pol\u00edtica de privacidad para tener m\u00e1s informaci\u00f3n.<\/p>\n<p><strong>Contenido de otros sitios web<\/strong><\/p>\n<p>Por lo general, las p\u00e1ginas de este sitio Web no incluyen contenido incrustado (por ejemplo, v\u00eddeos, im\u00e1genes, art\u00edculos, etc.). Si lo hubiese, el contenido incrustado de otras web se comporta exactamente de la misma manera que si hubieras visitado la otra web.<\/p>\n<p>Estos sitios Web pueden recopilar datos sobre ti, utilizar cookies, incrustar un c\u00f3digo de seguimiento adicional de terceros, y supervisar tu interacci\u00f3n usando este c\u00f3digo.<\/p>\n<p><strong>Pol\u00edtica de Cookies<\/strong><\/p>\n<p>Este sitio web no utiliza cookies. En caso de que tuviese que utilizarlo para que este sitio Web funcione correctamente, la informaci\u00f3n de las misma se almacena en tu navegador web.<\/p>\n<p>Podr\u00e1s consultar en la p\u00e1gina Pol\u00edtica de Cookies toda la informaci\u00f3n relativa a la pol\u00edtica de recogida, la finalidad y el tratamiento de las cookies, si las hubiese.<\/p>\n<p><span style=\"font-size: large;\"><b>Legitimaci\u00f3n para el tratamiento de datos<\/b><\/span><\/p>\n<p>La base legal para el tratamiento de tus datos es: el consentimiento.<\/p>\n<p>Para contactar con el Titular, utilizar su formulario o realizar comentarios en este sitio Web tienes que aceptar la presente Pol\u00edtica de Privacidad.<\/p>\n<p><strong>Categor\u00edas de datos personales<\/strong><\/p>\n<p>Las categor\u00edas de datos personales que trata el Titular son:<\/p>\n<ul>\n<li>Datos identificativos.<\/li>\n<\/ul>\n<p><strong>Conservaci\u00f3n de datos personales<\/strong><\/p>\n<p>Los datos personales que proporciones al Titular se conservar\u00e1n hasta que solicites su supresi\u00f3n.<\/p>\n<p><span style=\"font-size: large;\"><b>Exactitud y veracidad de los datos personales<\/b><\/span><\/p>\n<p>Te comprometes a que los datos facilitados al Titular sean correctos, completos, exactos y vigentes, as\u00ed como a mantenerlos debidamente actualizados.<\/p>\n<p>Como Usuario del sitio Web eres el \u00fanico responsable de la veracidad y correcci\u00f3n de los datos que remitas al sitio exonerando a el Titular de cualquier responsabilidad al respecto.<\/p>\n<p><span style=\"font-size: large;\"><b>Aceptaci\u00f3n y consentimiento<\/b><\/span><\/p>\n<p>Como Usuario del sitio Web declaras haber sido informado de las condiciones sobre protecci\u00f3n de datos de car\u00e1cter personal, aceptas y consientes el tratamiento de los mismos por parte de el Titular en la forma y para las finalidades indicadas en esta Pol\u00edtica de Privacidad.<\/p>\n<p><strong>Revocabilidad<\/strong><\/p>\n<p>Para ejercitar tus derechos de acceso, rectificaci\u00f3n, cancelaci\u00f3n, portabilidad y oposici\u00f3n tienes que enviar un correo electr\u00f3nico a <a href=\"mailto:jaires@jimenezaires.com\">jaires@jimenezaires.com<\/a>, o por correo postal, junto con la prueba v\u00e1lida en derecho como una fotocopia del D.N.I. o equivalente.<\/p>\n<p>El ejercicio de tus derechos no incluye ning\u00fan dato que el Titular est\u00e9 obligado a conservar con fines administrativos, legales o de seguridad.<\/p>\n<p><span style=\"font-size: large;\"><b>Cambios en la Pol\u00edtica de Privacidad<\/b><\/span><\/p>\n<p>El Titular se reserva el derecho a modificar la presente Pol\u00edtica de Privacidad para adaptarla a novedades legislativas o jurisprudenciales, as\u00ed como a pr\u00e1cticas de la industria.<\/p>\n<p>Estas pol\u00edticas estar\u00e1n vigentes hasta que sean modificadas por otras debidamente publicadas.<\/p>\n<p><span style=\"font-size: x-large;\"><b>7.- Responsabilidad.<\/b><\/span><\/p>\n<p>JIM\u00c9NEZ AIRES S.A. no se hace responsable de los da\u00f1os ocasionados en los sistemas inform\u00e1ticos de los Usuarios por causas ajenas a su voluntad, ni de aquellos que sean producidos por la existencia de virus inform\u00e1ticos en Internet.<\/p>\n<p>JIM\u00c9NEZ AIRES S.A. no ser\u00e1 responsable de los eventuales da\u00f1os y perjuicios que puedan ocasionarse por la falta de disponibilidad y\/o continuidad del presente sitio web y de los servicios que se ofrecen en \u00e9l.<\/p>\n<p>El Usuario responder\u00e1, y estar\u00e1 obligado a indemnizar a JIM\u00c9NEZ AIRES S.A., por cualquier da\u00f1o o perjuicio que pudiera derivarse de la utilizaci\u00f3n y\/o consulta del presente sitio web, infringiendo las condiciones generales o la normativa vigente.<\/p>\n<p><span style=\"font-size: x-large;\"><b>8.- Jurisdicci\u00f3n.<\/b><\/span><\/p>\n<p>Cualquier controversia o conflicto que eventualmente pudiera derivarse de la interpretaci\u00f3n y cumplimiento de las presentes Condiciones Generales, ser\u00e1 sometido a la Jurisdicci\u00f3n de los Juzgados y Tribunales de Talavera de la Reina (Toledo).<\/p>\n","protected":false},"excerpt":{"rendered":"<p>AVISO LEGAL El presente sitio web (www.jimenezaires.com) es propiedad de JIM\u00c9NEZ AIRES S.A.. De conformidad con el Art.10 de la Ley 34\/2002, de Servicios de la Sociedad de la Informaci\u00f3n, los datos identificativos del titular de la p\u00e1gina son: JIM\u00c9NEZ AIRES S.A. con CIF ES-A45202934, inscrita en el Registro Mercantil de Toledo tomo 346, folio&hellip; <br \/> <a class=\"read-more\" href=\"https:\/\/www.jimenezaires.com\/?page_id=3\">Leer m\u00e1s<\/a><\/p>\n","protected":false},"author":1,"featured_media":0,"parent":0,"menu_order":0,"comment_status":"closed","ping_status":"open","template":"","meta":{"footnotes":""},"class_list":["post-3","page","type-page","status-publish","hentry"],"_links":{"self":[{"href":"https:\/\/www.jimenezaires.com\/index.php?rest_route=\/wp\/v2\/pages\/3","targetHints":{"allow":["GET"]}}],"collection":[{"href":"https:\/\/www.jimenezaires.com\/index.php?rest_route=\/wp\/v2\/pages"}],"about":[{"href":"https:\/\/www.jimenezaires.com\/index.php?rest_route=\/wp\/v2\/types\/page"}],"author":[{"embeddable":true,"href":"https:\/\/www.jimenezaires.com\/index.php?rest_route=\/wp\/v2\/users\/1"}],"replies":[{"embeddable":true,"href":"https:\/\/www.jimenezaires.com\/index.php?rest_route=%2Fwp%2Fv2%2Fcomments&post=3"}],"version-history":[{"count":3,"href":"https:\/\/www.jimenezaires.com\/index.php?rest_route=\/wp\/v2\/pages\/3\/revisions"}],"predecessor-version":[{"id":366,"href":"https:\/\/www.jimenezaires.com\/index.php?rest_route=\/wp\/v2\/pages\/3\/revisions\/366"}],"wp:attachment":[{"href":"https:\/\/www.jimenezaires.com\/index.php?rest_route=%2Fwp%2Fv2%2Fmedia&parent=3"}],"curies":[{"name":"wp","href":"https:\/\/api.w.org\/{rel}","templated":true}]}}