{"id":60,"date":"2020-03-30T14:13:49","date_gmt":"2020-03-30T14:13:49","guid":{"rendered":"http:\/\/www.jimenezaires.com\/mesmerize\/"},"modified":"2023-10-25T08:13:01","modified_gmt":"2023-10-25T08:13:01","slug":"mesmerize","status":"publish","type":"page","link":"https:\/\/www.jimenezaires.com\/","title":{"rendered":"Front Page"},"content":{"rendered":"<div  id=\"content-14\" class=\"content-3 content-section content-section-spacing\" style=\"background-color: #f5fafd;\" data-label=\"Content\" data-id=\"content-3\" data-export-id=\"content-3\" data-category=\"content\">\n<div >\n<div  class=\"row middle-xs\">\n<div  class=\"col-sm-7 full-col-left-padding full-col-right-padding\">\n<div  class=\"row\">\n<div  class=\"space-bottom-small content-title-col content-left-sm\" data-type=\"column\">\n<h5  class=\"\">QUIENES SOMOS<\/h5>\n<h2  class=\"\">JIM\u00c9NEZ AIRES S.A.<\/h2>\n<p  class=\"\">JIM\u00c9NEZ AIRES S.A. es una Organizaci\u00f3n Industrial que inici\u00f3 su actividad en el a\u00f1o 1988, como empresa constructora, de la mano de la herencia familiar cedida a su fundador, contando desde sus or\u00edgenes con la experiencia y el conocimiento adquirido generaci\u00f3n tras generaci\u00f3n.<\/p>\nDesde sus comienzos la versatilidad y adaptabilidad a las necesidades del cliente han sido su se\u00f1a de identidad, as\u00ed como la apuesta por el equipamiento propio, obteniendo una buena cartera de clientes en el mundo de la Edificaci\u00f3n tanto comercial, industrial y residencial. Gracias a la apuesta por el equipamiento, el crecimiento de la Empresa vino de la mano de la Obra Civil, sobretodo en el \u00e1rea de Infraestructuras Urbanas.\n\nActualmente disponemos de una instalaci\u00f3n industrial de 24.000 m2, en el Pol. Ind. Torrehierro de Talavera de la Reina, en el Km 126 de la Autov\u00eda A-5, donde adem\u00e1s de nuestras oficinas centrales albergamos dos plantas de hormig\u00f3n para la producci\u00f3n de nuestros prefabricados de hormig\u00f3n, y un centro de ensamblajes y montajes met\u00e1licos operado por un CEE (Centro Especial de Empleo).\n\n<span  style=\"color: #333399;\" class=\"\"><img  decoding=\"async\" class=\"size-full wp-image-336 aligncenter\" src=\"http:\/\/www.jimenezaires.com\/wp-content\/uploads\/2020\/03\/image0041.png\" alt=\"\" title=\"image0041\"><\/span>\n\n<span  style=\"color: #333399;\" class=\"\">Su amplia experiencia en todo tipo de obras, hizo que nuestra empresa<\/span>\n<span  style=\"color: #333399;\" class=\"\">detectara las necesidades reales que existen en las mismas, por lo que no tard\u00f3 en reestructurarse y apostar fuerte por la elaboraci\u00f3n de prefabricados de hormig\u00f3n para cubrir dicha necesidades, sobre todo en el campo de obra civil y urbanizaci\u00f3n, dada la gran experiencia obtenida en la realizaci\u00f3n de obras de saneamiento e infraestructura de&nbsp; telecomunicaciones. Creando la marca comercial <b  class=\"\" style=\"mso-bidi-font-weight: normal;\">Arquetas Prefabricadas<sup >\u00ae<\/sup><\/b>, adoptando el slogan \u0093soluciones espec\u00edficas para cada problema\u0094<\/span>\n\n<\/div>\n<\/div>\n<\/div>\n<div  class=\"col-sm-5 bg-image shadow-large-black revert-classes-holder\" style=\"background-image: url('http:\/\/www.jimenezaires.com\/wp-content\/uploads\/2020\/04\/cropped-DSCN0026-1.jpg');\" data-bg=\"image\"><\/div>\n<\/div>\n<\/div>\n<\/div><div  data-label=\"Team\" data-id=\"team--1\" data-export-id=\"team-2\" data-category=\"team\" class=\"team-2 content-section content-section-spacing\" id=\"team-1\" style=\"background-color: rgb(245, 250, 253);\"><div  class=\"gridContainer\"> <div  class=\"row text-center\"><div  class=\"section-title-col\" data-type=\"column\">  <p  class=\"lead\">Jim\u00e9nez Aires, S.A. es beneficiaria de subvenciones para favorecer el pleno empleo y la inclusi\u00f3n social a trav\u00e9s del empleo estable y de calidad, cofinanciados por Fondo Social Europeo y la Delegaci\u00f3n Provincial de la Consejer\u00eda de Econom\u00eda, Empresas y Empleo JCCM.<\/p><\/div> <\/div> <div  class=\"row spaced-cols content-center-sm\" data-type=\"row\"> <div  class=\"col-sm-6 col-md-3\"> <div  class=\"card y-move no-padding bordered\"> <img  decoding=\"async\" class=\"face\" src=\"http:\/\/www.jimenezaires.com\/wp-content\/uploads\/2023\/09\/cropped-cropped-cropped-cropped-logo_corporativo_jccm_negativo_azul_4.png\" title=\"cropped-cropped-cropped-cropped-logo_corporativo_jccm_negativo_azul_4.png\" alt=\"\"> <div  data-type=\"column\" class=\"col-padding-small col-padding-small-xs description-container\">   <div  class=\"social-icons-group\" data-type=\"group\"> <a href=\"#\" target=\"_self\" data-reiki-hidden=\"true\" rel=\"noopener\"><i  class=\"gray fa icon fa-facebook-square\"><\/i><\/a> <a href=\"#\" target=\"_self\" data-reiki-hidden=\"true\" rel=\"noopener\"><i  class=\"gray fa icon fa-twitter-square\"><\/i><\/a> <a href=\"#\" target=\"_self\" data-reiki-hidden=\"true\" rel=\"noopener\"><i  class=\"gray fa icon fa-linkedin-square\"><\/i><\/a> <a href=\"#\" target=\"_self\" data-reiki-hidden=\"true\" rel=\"noopener\"><i  class=\"gray fa icon fa-google-plus-square\"><\/i><\/a><\/div> <\/div><\/div> <\/div> <div  class=\"col-sm-6 col-md-3\"> <div  class=\"card y-move no-padding bordered\"> <img  decoding=\"async\" class=\"face\" src=\"http:\/\/www.jimenezaires.com\/wp-content\/uploads\/2023\/09\/cropped-cropped-cropped-es_co_fundedvertical_rgb_pos.png\" title=\"cropped-cropped-cropped-es_co_fundedvertical_rgb_pos.png\" alt=\"\"> <div  data-type=\"column\" class=\"col-padding-small col-padding-small-xs description-container\">   <div  class=\"social-icons-group\" data-type=\"group\"> <a href=\"#\" target=\"_self\" data-reiki-hidden=\"true\" rel=\"noopener\"><i  class=\"gray fa icon fa-facebook-square\"><\/i><\/a> <a href=\"#\" target=\"_self\" data-reiki-hidden=\"true\" rel=\"noopener\"><i  class=\"gray fa icon fa-twitter-square\"><\/i><\/a> <a href=\"#\" target=\"_self\" data-reiki-hidden=\"true\" rel=\"noopener\"><i  class=\"gray fa icon fa-linkedin-square\"><\/i><\/a> <a href=\"#\" target=\"_self\" data-reiki-hidden=\"true\" rel=\"noopener\"><i  class=\"gray fa icon fa-google-plus-square\"><\/i><\/a><\/div> <\/div><\/div> <\/div>      <\/div> <\/div><\/div><div  id=\"contacto\" class=\"contact-1 content-section content-section-spacing white-text\" data-label=\"Contacto\" data-id=\"contact-1\" data-export-id=\"contact-1\" data-category=\"contact\" data-parallax-depth=\"20\">\n<div  class=\"gridContainer\">\n<div  class=\"row text-center\">\n<div  class=\"section-title-col\" data-type=\"column\">\n<h2  class=\"\">Contacte con nosotros<\/h2>\n<p  class=\"lead\">Puede contactar con nosotros en los tel\u00e9fonos 925851023 y 617493780, en el mail jaires@jimenezaires.com para consultas generales y en comercial@jimenezaires.com para consultas comerciales, o a trav\u00e9s de este formulario.<\/p>\n\n<\/div>\n<\/div>\n<div  class=\"row text-center\">\n<div  class=\"col-xs-12 col-sm-8 col-sm-offset-2 contact-form-wrapper inline-info\">\n<div  class=\"card large-padding\">\n<div  class=\"\" data-content-shortcode=\"mesmerize_contact_form shortcode=&quot;wpforms id=&amp;amp;quot;18&amp;amp;quot;&quot;\" data-editable=\"true\"><div class=\"wpforms-container wpforms-container-full\" id=\"wpforms-18\"><form id=\"wpforms-form-18\" class=\"wpforms-validate wpforms-form\" data-formid=\"18\" method=\"post\" enctype=\"multipart\/form-data\" action=\"\/index.php?rest_route=%2Fwp%2Fv2%2Fpages%2F60\" data-token=\"e2e5fa48fe16e73a418b9b0b58b801c0\"><noscript class=\"wpforms-error-noscript\">Por favor, activa JavaScript en tu navegador para completar este formulario.<\/noscript><div class=\"wpforms-field-container\"><div id=\"wpforms-18-field_7-container\" class=\"wpforms-field wpforms-field-text\" data-field-id=\"7\"><label class=\"wpforms-field-label\" for=\"wpforms-18-field_7\">Nombre <span class=\"wpforms-required-label\">*<\/span><\/label><input type=\"text\" id=\"wpforms-18-field_7\" class=\"wpforms-field-large wpforms-field-required\" name=\"wpforms[fields][7]\" required><\/div><div id=\"wpforms-18-field_0-container\" class=\"wpforms-field wpforms-field-name\" data-field-id=\"0\"><label class=\"wpforms-field-label\" for=\"wpforms-18-field_0\">Empresa <span class=\"wpforms-required-label\">*<\/span><\/label><input type=\"text\" id=\"wpforms-18-field_0\" class=\"wpforms-field-large wpforms-field-required\" name=\"wpforms[fields][0]\" required><\/div><div id=\"wpforms-18-field_1-container\" class=\"wpforms-field wpforms-field-email\" data-field-id=\"1\"><label class=\"wpforms-field-label\" for=\"wpforms-18-field_1\">Correo electr\u00f3nico <span class=\"wpforms-required-label\">*<\/span><\/label><input type=\"email\" id=\"wpforms-18-field_1\" class=\"wpforms-field-large wpforms-field-required\" name=\"wpforms[fields][1]\" spellcheck=\"false\" required><\/div><div id=\"wpforms-18-field_2-container\" class=\"wpforms-field wpforms-field-textarea\" data-field-id=\"2\"><label class=\"wpforms-field-label\" for=\"wpforms-18-field_2\">Comentario o mensaje <span class=\"wpforms-required-label\">*<\/span><\/label><textarea id=\"wpforms-18-field_2\" class=\"wpforms-field-large wpforms-field-required\" name=\"wpforms[fields][2]\" required><\/textarea><\/div><\/div><!-- .wpforms-field-container --><div class=\"wpforms-field wpforms-field-hp\"><label for=\"wpforms-18-field-hp\" class=\"wpforms-field-label\">Comment<\/label><input type=\"text\" name=\"wpforms[hp]\" id=\"wpforms-18-field-hp\" class=\"wpforms-field-medium\"><\/div><div class=\"wpforms-recaptcha-container wpforms-is-recaptcha wpforms-is-recaptcha-type-v3\" ><input type=\"hidden\" name=\"wpforms[recaptcha]\" value=\"\"><\/div><div class=\"wpforms-submit-container\" ><input type=\"hidden\" name=\"wpforms[id]\" value=\"18\"><input type=\"hidden\" name=\"wpforms[author]\" value=\"1\"><button type=\"submit\" name=\"wpforms[submit]\" id=\"wpforms-submit-18\" class=\"wpforms-submit button color1\" data-alt-text=\"Enviando...\" data-submit-text=\"Enviar\" aria-live=\"assertive\" value=\"wpforms-submit\">Enviar<\/button><\/div><\/form><\/div>  <!-- .wpforms-container --><\/div>\n<\/div>\n<\/div>\n<\/div>\n<\/div>\n<\/div>","protected":false},"excerpt":{"rendered":"<p>QUIENES SOMOS JIM\u00c9NEZ AIRES S.A. JIM\u00c9NEZ AIRES S.A. es una Organizaci\u00f3n Industrial que inici\u00f3 su actividad en el a\u00f1o 1988, como empresa constructora, de la mano de la herencia familiar cedida a su fundador, contando desde sus or\u00edgenes con la experiencia y el conocimiento adquirido generaci\u00f3n tras generaci\u00f3n. Desde sus comienzos la versatilidad y adaptabilidad&hellip; <br \/> <a class=\"read-more\" href=\"https:\/\/www.jimenezaires.com\/\">Leer m\u00e1s<\/a><\/p>\n","protected":false},"author":1,"featured_media":0,"parent":0,"menu_order":0,"comment_status":"closed","ping_status":"closed","template":"page-templates\/homepage.php","meta":{"footnotes":""},"class_list":["post-60","page","type-page","status-publish","hentry"],"_links":{"self":[{"href":"https:\/\/www.jimenezaires.com\/index.php?rest_route=\/wp\/v2\/pages\/60","targetHints":{"allow":["GET"]}}],"collection":[{"href":"https:\/\/www.jimenezaires.com\/index.php?rest_route=\/wp\/v2\/pages"}],"about":[{"href":"https:\/\/www.jimenezaires.com\/index.php?rest_route=\/wp\/v2\/types\/page"}],"author":[{"embeddable":true,"href":"https:\/\/www.jimenezaires.com\/index.php?rest_route=\/wp\/v2\/users\/1"}],"replies":[{"embeddable":true,"href":"https:\/\/www.jimenezaires.com\/index.php?rest_route=%2Fwp%2Fv2%2Fcomments&post=60"}],"version-history":[{"count":30,"href":"https:\/\/www.jimenezaires.com\/index.php?rest_route=\/wp\/v2\/pages\/60\/revisions"}],"predecessor-version":[{"id":421,"href":"https:\/\/www.jimenezaires.com\/index.php?rest_route=\/wp\/v2\/pages\/60\/revisions\/421"}],"wp:attachment":[{"href":"https:\/\/www.jimenezaires.com\/index.php?rest_route=%2Fwp%2Fv2%2Fmedia&parent=60"}],"curies":[{"name":"wp","href":"https:\/\/api.w.org\/{rel}","templated":true}]}}